{"id":1041,"date":"2023-12-02T14:09:54","date_gmt":"2023-12-02T13:09:54","guid":{"rendered":"https:\/\/kemendi.org\/?page_id=1041"},"modified":"2023-12-14T19:41:05","modified_gmt":"2023-12-14T18:41:05","slug":"noticias","status":"publish","type":"page","link":"https:\/\/kemendi.org\/index.php\/noticias\/","title":{"rendered":"Noticias"},"content":{"rendered":"\n<div class=\"wp-block-query alignfull is-layout-flow wp-block-query-is-layout-flow\">\n<div class=\"wp-block-group alignfull\" style=\"padding-top:var(--wp--preset--spacing--40);padding-right:var(--wp--preset--spacing--40);padding-bottom:var(--wp--preset--spacing--40);padding-left:var(--wp--preset--spacing--40)\"><div class=\"wp-block-group__inner-container is-layout-flow wp-block-group-is-layout-flow\"><ul style=\"text-transform:none;\" class=\"wp-block-post-template is-layout-flow wp-block-post-template-is-layout-flow\"><li class=\"wp-block-post post-1724 post type-post status-publish format-standard has-post-thumbnail hentry category-sin-categoria\">\n\n<div class=\"wp-block-group is-content-justification-left\"><div class=\"wp-block-group__inner-container is-layout-constrained wp-container-core-group-is-layout-b4bdc4c8 wp-block-group-is-layout-constrained\">\n<div class=\"wp-block-group is-vertical is-layout-flex wp-container-core-group-is-layout-438e4d21 wp-block-group-is-layout-flex\" style=\"padding-bottom:var(--wp--preset--spacing--80)\"><div style=\"font-size:0.9rem;letter-spacing:1px; margin-top:0;margin-right:0;margin-bottom:0;margin-left:0;\" class=\"has-text-align-left has-link-color wp-elements-5599b62b56904c5408ce764ba1a18b73 wp-block-post-date has-text-color has-contrast-color\"><time datetime=\"2025-05-19T16:41:38+01:00\">5\/19\/2025<\/time><\/div>\n\n\n<div class=\"wp-block-group\" style=\"margin-top:0;margin-bottom:0\"><div class=\"wp-block-group__inner-container is-layout-constrained wp-block-group-is-layout-constrained\"><h2 style=\"font-size:2.2rem;font-style:normal;font-weight:600;line-height:1;\" class=\"has-link-color wp-elements-eb54e55c30150b737c6c72327a6cf12a wp-block-post-title has-text-color has-contrast-color\"><a href=\"https:\/\/kemendi.org\/index.php\/2025\/05\/19\/elecciones-junta-directiva\/\" target=\"_self\" >Elecciones junta directiva<\/a><\/h2>\n\n<div style=\"line-height:1.7;\" class=\"wp-block-post-excerpt has-small-font-size\"><p class=\"wp-block-post-excerpt__excerpt\">Como sab\u00e9is, en breve ser\u00e1n las elecciones de la junta directiva. A continuaci\u00f3n se puede encontrar el calendario y el procedimiento que rige las elecciones: <\/p><\/div><\/div><\/div>\n<\/div>\n<\/div><\/div>\n\n<\/li><li class=\"wp-block-post post-1766 post type-post status-publish format-standard has-post-thumbnail hentry category-sin-categoria-eu\">\n\n<div class=\"wp-block-group is-content-justification-left\"><div class=\"wp-block-group__inner-container is-layout-constrained wp-container-core-group-is-layout-b4bdc4c8 wp-block-group-is-layout-constrained\">\n<div class=\"wp-block-group is-vertical is-layout-flex wp-container-core-group-is-layout-438e4d21 wp-block-group-is-layout-flex\" style=\"padding-bottom:var(--wp--preset--spacing--80)\"><div style=\"font-size:0.9rem;letter-spacing:1px; margin-top:0;margin-right:0;margin-bottom:0;margin-left:0;\" class=\"has-text-align-left has-link-color wp-elements-5599b62b56904c5408ce764ba1a18b73 wp-block-post-date has-text-color has-contrast-color\"><time datetime=\"2024-09-12T20:20:58+01:00\">9\/12\/2024<\/time><\/div>\n\n\n<div class=\"wp-block-group\" style=\"margin-top:0;margin-bottom:0\"><div class=\"wp-block-group__inner-container is-layout-constrained wp-block-group-is-layout-constrained\"><h2 style=\"font-size:2.2rem;font-style:normal;font-weight:600;line-height:1;\" class=\"has-link-color wp-elements-eb54e55c30150b737c6c72327a6cf12a wp-block-post-title has-text-color has-contrast-color\"><a href=\"https:\/\/kemendi.org\/index.php\/eu\/2024\/09\/12\/2-instalazioa-amaituta-dago\/\" target=\"_self\" >2. instalazioa amaituta dago<\/a><\/h2>\n\n<div style=\"line-height:1.7;\" class=\"wp-block-post-excerpt has-small-font-size\"><p class=\"wp-block-post-excerpt__excerpt\">Kemendiko autokontsumo proiektuko plaka fotovoltaikoen 2. instalazioa bukatuta dago, Elorrin. Orain enpresa elektrikoekin izapide administratibo eta burokratiko guztiak egitea tokatzen da. Lan zaila eta luzea da, baina lehen instalazioan bezala lortuko dugu, 175 bazkideek 1KW kontsumitu ahal izateko. <\/p><\/div><\/div><\/div>\n<\/div>\n<\/div><\/div>\n\n<\/li><li class=\"wp-block-post post-1759 post type-post status-publish format-standard has-post-thumbnail hentry category-sin-categoria\">\n\n<div class=\"wp-block-group is-content-justification-left\"><div class=\"wp-block-group__inner-container is-layout-constrained wp-container-core-group-is-layout-b4bdc4c8 wp-block-group-is-layout-constrained\">\n<div class=\"wp-block-group is-vertical is-layout-flex wp-container-core-group-is-layout-438e4d21 wp-block-group-is-layout-flex\" style=\"padding-bottom:var(--wp--preset--spacing--80)\"><div style=\"font-size:0.9rem;letter-spacing:1px; margin-top:0;margin-right:0;margin-bottom:0;margin-left:0;\" class=\"has-text-align-left has-link-color wp-elements-5599b62b56904c5408ce764ba1a18b73 wp-block-post-date has-text-color has-contrast-color\"><time datetime=\"2024-09-12T20:13:37+01:00\">9\/12\/2024<\/time><\/div>\n\n\n<div class=\"wp-block-group\" style=\"margin-top:0;margin-bottom:0\"><div class=\"wp-block-group__inner-container is-layout-constrained wp-block-group-is-layout-constrained\"><h2 style=\"font-size:2.2rem;font-style:normal;font-weight:600;line-height:1;\" class=\"has-link-color wp-elements-eb54e55c30150b737c6c72327a6cf12a wp-block-post-title has-text-color has-contrast-color\"><a href=\"https:\/\/kemendi.org\/index.php\/2024\/09\/12\/2a-instalacion-finalizada\/\" target=\"_self\" >2\u00aa instalaci\u00f3n finalizada<\/a><\/h2>\n\n<div style=\"line-height:1.7;\" class=\"wp-block-post-excerpt has-small-font-size\"><p class=\"wp-block-post-excerpt__excerpt\">La 2\u00ba instalaci\u00f3n de placas fotovoltaicas, C.P Elorri, del proyecto de autoconsumo de Kemendi esta finalizado. Ahora toca realizar todos los tr\u00e1mites administrativos y burocr\u00e1ticos con las empresas el\u00e9ctricas. Es una tarea ardua y larga pero lo conseguiremos como en la 1\u00aa instalaci\u00f3n para que los\/las 175 socios\/as podamos consumir 1KW cuanto antes. <\/p><\/div><\/div><\/div>\n<\/div>\n<\/div><\/div>\n\n<\/li><\/ul><\/div><\/div>\n\n\n\n<div class=\"wp-block-group is-content-justification-left\" style=\"margin-top:0;margin-bottom:0;padding-top:0;padding-right:var(--wp--preset--spacing--40);padding-bottom:var(--wp--preset--spacing--40);padding-left:var(--wp--preset--spacing--40)\"><div class=\"wp-block-group__inner-container is-layout-constrained wp-container-core-group-is-layout-4f3b647b wp-block-group-is-layout-constrained\"><nav class=\"wp-block-query-pagination is-content-justification-left is-nowrap is-layout-flex wp-container-core-query-pagination-is-layout-f56a869c wp-block-query-pagination-is-layout-flex\" aria-label=\"Paginaci\u00f3n\">\n\n\n<a href=\"\/index.php\/wp-json\/wp\/v2\/pages\/1041?query-31-page=2\" style=\"font-size:0.9rem;text-transform:uppercase;letter-spacing:1px;\" class=\"wp-elements-165a8aa96a7546446f11c5f70728c230 wp-block-query-pagination-next\">P\u00e1gina siguiente<\/a>\n<\/nav><\/div><\/div>\n<\/div>\n","protected":false},"excerpt":{"rendered":"","protected":false},"author":1,"featured_media":0,"parent":0,"menu_order":0,"comment_status":"closed","ping_status":"closed","template":"","meta":{"footnotes":""},"class_list":["post-1041","page","type-page","status-publish","hentry"],"_links":{"self":[{"href":"https:\/\/kemendi.org\/index.php\/wp-json\/wp\/v2\/pages\/1041","targetHints":{"allow":["GET"]}}],"collection":[{"href":"https:\/\/kemendi.org\/index.php\/wp-json\/wp\/v2\/pages"}],"about":[{"href":"https:\/\/kemendi.org\/index.php\/wp-json\/wp\/v2\/types\/page"}],"author":[{"embeddable":true,"href":"https:\/\/kemendi.org\/index.php\/wp-json\/wp\/v2\/users\/1"}],"replies":[{"embeddable":true,"href":"https:\/\/kemendi.org\/index.php\/wp-json\/wp\/v2\/comments?post=1041"}],"version-history":[{"count":5,"href":"https:\/\/kemendi.org\/index.php\/wp-json\/wp\/v2\/pages\/1041\/revisions"}],"predecessor-version":[{"id":1355,"href":"https:\/\/kemendi.org\/index.php\/wp-json\/wp\/v2\/pages\/1041\/revisions\/1355"}],"wp:attachment":[{"href":"https:\/\/kemendi.org\/index.php\/wp-json\/wp\/v2\/media?parent=1041"}],"curies":[{"name":"wp","href":"https:\/\/api.w.org\/{rel}","templated":true}]}}