{"id":1657,"date":"2024-04-26T10:34:15","date_gmt":"2024-04-26T09:34:15","guid":{"rendered":"https:\/\/kemendi.org\/?page_id=1657"},"modified":"2024-04-26T10:34:15","modified_gmt":"2024-04-26T09:34:15","slug":"preguntas-frecuentes","status":"publish","type":"page","link":"https:\/\/kemendi.org\/index.php\/proyecto\/preguntas-frecuentes\/","title":{"rendered":"Preguntas frecuentes"},"content":{"rendered":"\n<p>En estas \u00faltimas semanas son bastantes las personas que se han puesto en contacto con nosotros para manifestar su inter\u00e9s por hacerse socios\/as de nuestra Comunidad Energ\u00e9tica y participar en el autoconsumo colectivo que estamos poniendo en marcha.<\/p>\n\n\n\n<p>Teniendo en cuenta que en este momento tenemos ya cerrada la lista de los socios\/as que van a participar en el autoconsumo compartido de las dos primeras instalaciones fotovoltaicas que tenemos en marcha o en fase de adjudicaci\u00f3n, vemos necesario aclarar una serie de aspectos:<\/p>\n\n\n\n<ul class=\"wp-block-list\">\n<li>La posibilidad para hacerse socio\/a de nuestra Comunidad Energ\u00e9tica est\u00e1 abierta de forma<br>permanente desde el pasado mes de mayo de 2023. \u00a0 Cualquier vecino de Mendillorri, Ripagaina-<br>Pamplona o Casas Beloso puede hacerse socio\/a de la CE en cualquier momento.<\/li>\n\n\n\n<li>Para poder participar en cualquier proyecto organizado por nuestra CE es indispensable primero<br>ser socio\/a de la mencionada CE.<\/li>\n\n\n\n<li>El participar en los proyectos que se puedan ofrecer en cada momento es totalmente voluntario y<br>ello conlleva un procedimiento de solicitud y entrega de documentaci\u00f3n diferenciado del seguido<br>para hacerse socio\/a de la CE.<\/li>\n\n\n\n<li>En el caso de los proyectos de autoconsumo\u00a0 que estamos poniendo en marcha, se ofreci\u00f3 a los<br>187 socios\/as que en ese momento formaban parte de nuestra asociaci\u00f3n la posibilidad de participar<br>y como resultado tenemos que 172 socios\/as dieron el paso y se apuntaron en este proyecto. \u00a0 Con<br>este n\u00famero ha quedado cerrada la posibilidad de que m\u00e1s personas puedan participar en este\u00a0<br>primer proyecto que engloba las dos primeras IFVs.\u00a0\u00a0<\/li>\n\n\n\n<li>A partir de ese momento las personas que se vayan haciendo socias de nuestra CE les<br>preguntaremos sobre si tienen inter\u00e9s en participar en proyectos de autoconsumo colectivo y si su<br>respuesta es afirmativa, quedar\u00e1n en una lista de espera ante posibles bajas que se puedan producir<br>o incluso en el caso que el n\u00famero de personas en lista de espera fuera significativo, nos podr\u00edamos<br>plantear ir a por una tercera IFV.<\/li>\n\n\n\n<li>En el caso\u00a0 que se decidiera la puesta en marcha de una tercera IFV las condiciones econ\u00f3micas<br>ser\u00edan diferentes a las que ha habido para las dos primeras IFVs, ya que este momento es imposible<br>prever que ayudas p\u00fablicas podr\u00edan existir,\u00a0 precios, condiciones, plazos, etc.<\/li>\n<\/ul>\n","protected":false},"excerpt":{"rendered":"<p>En estas \u00faltimas semanas son bastantes las personas que se han puesto en contacto con nosotros para manifestar su inter\u00e9s por hacerse socios\/as de nuestra Comunidad Energ\u00e9tica y participar en el autoconsumo colectivo que estamos poniendo en marcha. Teniendo en cuenta que en este momento tenemos ya cerrada la lista de los socios\/as que van [&hellip;]<\/p>\n","protected":false},"author":2,"featured_media":0,"parent":21,"menu_order":4,"comment_status":"closed","ping_status":"closed","template":"","meta":{"footnotes":""},"class_list":["post-1657","page","type-page","status-publish","hentry"],"_links":{"self":[{"href":"https:\/\/kemendi.org\/index.php\/wp-json\/wp\/v2\/pages\/1657","targetHints":{"allow":["GET"]}}],"collection":[{"href":"https:\/\/kemendi.org\/index.php\/wp-json\/wp\/v2\/pages"}],"about":[{"href":"https:\/\/kemendi.org\/index.php\/wp-json\/wp\/v2\/types\/page"}],"author":[{"embeddable":true,"href":"https:\/\/kemendi.org\/index.php\/wp-json\/wp\/v2\/users\/2"}],"replies":[{"embeddable":true,"href":"https:\/\/kemendi.org\/index.php\/wp-json\/wp\/v2\/comments?post=1657"}],"version-history":[{"count":1,"href":"https:\/\/kemendi.org\/index.php\/wp-json\/wp\/v2\/pages\/1657\/revisions"}],"predecessor-version":[{"id":1658,"href":"https:\/\/kemendi.org\/index.php\/wp-json\/wp\/v2\/pages\/1657\/revisions\/1658"}],"up":[{"embeddable":true,"href":"https:\/\/kemendi.org\/index.php\/wp-json\/wp\/v2\/pages\/21"}],"wp:attachment":[{"href":"https:\/\/kemendi.org\/index.php\/wp-json\/wp\/v2\/media?parent=1657"}],"curies":[{"name":"wp","href":"https:\/\/api.w.org\/{rel}","templated":true}]}}