{"id":23,"date":"2023-11-16T17:33:01","date_gmt":"2023-11-16T16:33:01","guid":{"rendered":"https:\/\/kemendi.org\/?page_id=23"},"modified":"2024-10-04T10:29:39","modified_gmt":"2024-10-04T09:29:39","slug":"informacion","status":"publish","type":"page","link":"https:\/\/kemendi.org\/index.php\/proyecto\/informacion\/","title":{"rendered":"La instalaci\u00f3n fotovoltaica"},"content":{"rendered":"<div data-colibri-id=\"23-c1\" class=\"style-356 style-local-23-c1 position-relative\">\n  <!----><\/p>\n<div data-colibri-component=\"section\" data-colibri-id=\"23-c2\" id=\"initial-content\" class=\"h-section h-section-global-spacing d-flex align-items-lg-center align-items-md-center align-items-center style-357 style-local-23-c2 position-relative\">\n    <!----><br \/>\n    <!----><\/p>\n<div class=\"h-section-grid-container h-section-boxed-container\">\n      <!----><\/p>\n<div data-colibri-id=\"23-c3\" class=\"h-row-container gutters-row-lg-1 gutters-row-md-1 gutters-row-0 gutters-row-v-lg-1 gutters-row-v-md-1 gutters-row-v-1 style-358 style-local-23-c3 position-relative\">\n        <!----><\/p>\n<div class=\"h-row justify-content-lg-center justify-content-md-center justify-content-center align-items-lg-stretch align-items-md-stretch align-items-stretch gutters-col-lg-1 gutters-col-md-1 gutters-col-0 gutters-col-v-lg-1 gutters-col-v-md-1 gutters-col-v-1\">\n          <!----><\/p>\n<div class=\"h-column h-column-container d-flex h-col-lg-auto h-col-md-auto h-col-auto style-359-outer style-local-23-c4-outer\">\n<div data-colibri-id=\"23-c4\" class=\"d-flex h-flex-basis h-column__inner h-px-lg-2 h-px-md-2 h-px-2 v-inner-lg-2 v-inner-md-2 v-inner-2 style-359 style-local-23-c4 position-relative\">\n              <!----><br \/>\n              <!----><\/p>\n<div class=\"w-100 h-y-container h-column__content h-column__v-align flex-basis-100 align-self-lg-center align-self-md-center align-self-center\">\n                <!----><\/p>\n<div data-colibri-id=\"23-c5\" class=\"h-global-transition-all h-heading style-653 style-local-23-c5 position-relative h-element\">\n                  <!----><\/p>\n<div class=\"h-heading__outer style-653 style-local-23-c5\">\n                    <!----><br \/>\n                    <!----><\/p>\n<h1 class=\"\">El Lago-Mendigoiti<\/h1>\n<\/p><\/div>\n<\/p><\/div>\n<div data-colibri-id=\"23-c6\" class=\"style-360 style-local-23-c6 position-relative h-element\">\n                  <!----><\/p>\n<div>\n\n\n<p>El Ayuntamiento cede a Kemendi parte de una instalaci\u00f3n solar ya en funcionamiento situada en el colegio El Lago-Mendigoiti. Est\u00e1 compuesta por 192 placas de 530Wp. lo que da una potencia instalada de unos 100KWp.<\/p>\n\n\n\n<p>20 KW quedan como autoconsumo para el colegio y el Civivox.<\/p>\n\n\n\n<p>80 KW se ceden para autoconsumo a Kemendi, con la condici\u00f3n de promover una nueva instalaci\u00f3n similar en la cubierta del colegio Elorri en un plazo de 18 meses.<\/p>\n\n\n\n<p>La nueva instalaci\u00f3n tendr\u00e1 tambi\u00e9n 100KWp instalados.<\/p>\n\n\n\n<p>El ayuntamiento establece un canon de 5 kWp del total&nbsp; de 100 kWp por la cesi\u00f3n de las cubiertas del mencionado colegio.<\/p>\n\n\n\n<p>Por lo tanto 95 Kwp ser\u00e1n para Kemendi.<\/p>\n\n\n\n<p>80 KWp El Lago-Mendigoiti+ 95 KWp Elorri = 175 KW total de potencia&nbsp; a repartir entre los vecinos y comercios-negocios, socios de Kemendi.<\/p>\n\n\n\n<p>Actualmente ya se ha hecho el reparto de los 80 Kwp instalados entre los 100 socios dados de alta en autoconsumo. El coeficiente de participaci\u00f3n para cada vecino es 0,78kWp (780Wp), lo que equivale a aproximadamente la producci\u00f3n\n                      de 1,5 placas solares de 530W.<\/p>\n\n\n\n<p>Los comercios \u2013 negocios pueden participar s\u00ed lo desean con el mismo coeficiente que un vecino o con el doble de potencia que los vecinos. 0,78 x 2= 1,56 kWp (1560Wp), la producci\u00f3n de 3 placas solares de 530w.<\/p>\n\n\n\n<p>Ya est\u00e1 tramitada la\u00a0 documentaci\u00f3n con la distribuidora y las comercializadoras para que nuestro autoconsumo colectivo con compensaci\u00f3n de excedentes sea una realidad y hemos empezado a disfrutar de un peque\u00f1o\u00a0ahorro en nuestras\u00a0facturas de la luz.<\/p>\n\n\n\n<p>Los socios y socias hemos valorado en asamblea que no quer\u00edamos que para estas dos instalaciones hubiera un trato diferenciado en lo que respecta a la inversi\u00f3n a realizar, y es por ello que todos participaremos por igual en el coste de la segunda instalaci\u00f3n aunque no participemos de ella. No consider\u00e1bamos justo que unos disfrut\u00e1ramos de forma gratuita la instalaci\u00f3n cedida por el Ayuntamiento y otros tuvieran que hacer frente a la inversi\u00f3n de la mencionada segunda instalaci\u00f3n.\u00a0\u00a0\u00a0<\/p>\n\n\n\n<p>El n\u00famero de socios totales que podemos acoger con las dos instalaciones, depende de la potencia que&nbsp; repartamos a cada socio. Con los 0,78kWp de coeficiente de reparto de la primera instalaci\u00f3n&nbsp; se puede llegar hasta unos\n                      224 asociados aproximadamente, dependiendo del n\u00famero de comercios que opten por acogerse al doble de potencia. 175kW \/ 0,78 = 224 socios.<\/p>\n\n\n\n<p>Con 175 socios el coeficiente de reparto ser\u00eda de 1 kW.\u00a0 Pero tambi\u00e9n tenemos que tener claro que la cuesti\u00f3n no es dar mucha potencia a cada socio\/a. Hay que ajustar al m\u00e1ximo la potencia asignada al consumo real de cada cual, ya que los excedentes, aunque son abonados por la comercializadora,\u00a0 no compensa econ\u00f3micamente. kWh que no consumimos, es compensado a aproximadamente 0,05-0,10 c\u00e9ntimos y ese mismo kWh es vendido por la comercializadora a unos 0,20-0,23 c\u00e9ntimos. C\u00f3mo se puede ver un negocio redondo&#8230; pero no para nosotros.<\/p>\n\n\n\n<p>La recepci\u00f3n efectiva de dichas subvenciones est\u00e1 ligada a llevar a cabo dicha instlaci\u00f3n en el plazo de 14 meses a contar desde la fecha en la que nos notifiquen de forma oficial que se nos ha concedido dicha ayuda.&nbsp; La idea\n                      ser\u00eda poder llevarla a t\u00e9rmino en 2024-2025 s\u00ed se cumplen los plazos, n\u00famero de socios, etc.<\/p>\n\n\n\n<p>La inversi\u00f3n inicial total para la nueva\u00a0instalaci\u00f3n ser\u00e1 de unos 144.000\u00a0\u20ac. Si descontamos el IVA que tenemos que pagar , pero que luego podemos recuperar y las subvenciones recibidas, el coste ser\u00eda final\u00a0 ser\u00eda de unos 450 \u20ac por kwp. Sin embargo no podemos obviar que la recepci\u00f3n efectiva de las ayudas se puede retrasar y que si ya estamos en el proceso de puesta en marcha de la instalaci\u00f3n, estar\u00edamos obligados a\u00a0 hacer frente al coste total, aunque posteriormente podamos recuperar casi la mitad de la inversi\u00f3n. El coste total de la instalaci\u00f3n sin subvenciones es en torno a los 800\u00a0 \u20ac por kwp.<\/p>\n\n\n\n<p>Para un coeficiente de reparto de 0,78 esto supondr\u00eda unos 625 euros de inversi\u00f3n total sin contar lo que se devuelva cuando recibamos efectivamente el dinero de las subvenciones.<\/p>\n\n\n\n<p>Para un comercio que opte por un coeficiente de 1,56 ser\u00edan unos 1250 euros sin contar lo que se devuelva cuando recibamos efectivamente el dinero de las subvenciones.<\/p>\n\n\n\n<p>Las placas est\u00e1n conectadas a la red general de distribuci\u00f3n de Iberdrola. No a los domicilios ni comercios-negocios de los socios.<\/p>\n\n\n\n<p>Cada una de las dos instalaciones en las cubiertas de los colegios cuenta con su propio contador donde queda reflejada cada hora la producci\u00f3n energ\u00e9tica solar. La producci\u00f3n de cada hora, que corresponda al coeficiente de participaci\u00f3n\n                      de cada socio, se restar\u00e1 del consumo en el hogar en esa hora.<\/p>\n\n\n\n<p>&nbsp;Si la energ\u00eda generada es mayor que la consumida, se compensar\u00e1 por parte de la comercializadora a un valor menor que si es autoconsumido, pero que acumulado bajar\u00eda el coste de la energ\u00eda total consumida hasta cero en el mejor\n                      de los casos, en verano&#8230; Un poco dif\u00edcil con el coeficiente que tenemos por vecino, pero en todo caso hay ahorro.<\/p>\n\n\n\n<p>En principio no se descuenta de la factura lo que corresponde a la&nbsp; potencia contratada, alquiler contador\u2026&nbsp;<\/p>\n\n\n\n<p>\u00bfCu\u00e1nto se puede ahorrar y cu\u00e1ndo se amortiza la inversi\u00f3n? Es variable, depende del precio de la energ\u00eda, a mayor precio mayor ahorro y al contrario; de los consumos y h\u00e1bitos de cada vivienda o negocio, Si&nbsp; los consumos se realizan\n                      repartidos en las horas de mayor producci\u00f3n solar mayor ahorro porque hay m\u00e1s porcentaje de autoconsumo. Los excedentes se compensan a un precio menor que el valor de la energ\u00eda que se consume.&nbsp;<\/p>\n\n\n\n<p>Poner un tiempo es dif\u00edcil. El ahorro se produce. En c\u00e1lculos que han hecho en alguna comunidad de propietarios con un coste 2 veces mayor de instalaci\u00f3n, dicen que entre 3 y 4 a\u00f1os descontadas subvenciones y desgravaciones. Quiz\u00e1s\n                      es poco tiempo.<\/p>\n\n\n\n<p>\u00a0Para la nuestra, 5-6 a\u00f1os de media ser\u00eda m\u00e1s real teniendo en cuenta que el aprovechamiento es a 25 a\u00f1os.<\/p>\n\n\n<div class=\"h-global-transition-all h-heading style-652 style-local-23-c7 position-relative h-element\" data-colibri-id=\"23-c7\">\n<div class=\"h-heading__outer style-652 style-local-23-c7\">\n<h1 class=\"\">Elorri<\/h1>\n<p>La 2\u00ba instalaci\u00f3n de placas fotovoltaicas para autoconsumo colectivo, C.P Elorri, de Kemendi esta finalizada. Ahora toca realizar todos los tr\u00e1mites administrativos y burocr\u00e1ticos con las empresas el\u00e9ctricas. Es una tarea ardua y larga pero lo conseguiremos como en la 1\u00aa instalaci\u00f3n para que los\/las 175 socios\/as podamos consumir 1KW cuanto antes.<\/p>\n<\/div>\n<\/div>\n<div class=\"d-block style-664 style-local-23-c12 position-relative h-element\" data-colibri-id=\"23-c12\">\n<div class=\"h-image__frame-container-outer\">\n<div class=\"h-image__frame-container\"><img loading=\"lazy\" decoding=\"async\" width=\"1415\" height=\"621\" class=\"wp-image-1787 style-664-image style-local-23-c12-image\" src=\"https:\/\/kemendi.org\/wp-content\/uploads\/2024\/09\/cropped-image005.jpg\" alt=\"\" srcset=\"https:\/\/kemendi.org\/wp-content\/uploads\/2024\/09\/cropped-image005.jpg 1415w, https:\/\/kemendi.org\/wp-content\/uploads\/2024\/09\/cropped-image005-300x132.jpg 300w, https:\/\/kemendi.org\/wp-content\/uploads\/2024\/09\/cropped-image005-1024x449.jpg 1024w, https:\/\/kemendi.org\/wp-content\/uploads\/2024\/09\/cropped-image005-768x337.jpg 768w\" sizes=\"auto, (max-width: 1415px) 100vw, 1415px\" \/><\/div>\n<div>\u00a0<\/div>\n<div class=\"h-image__frame h-hide-lg h-hide-md h-hide-sm style-664-frameImage style-local-23-c12-frameImage\">https:\/\/kemendi.org\/wp-content\/uploads\/2024\/05\/Proyecto-instalacion-Elorri-1.pdfA continuaci\u00f3n se pueden consultar el proyecto y el pliego de licitaci\u00f3n de la misma:<\/div>\n<\/div>\n<\/div>\n<div class=\"h-x-container style-656 style-local-23-c8 position-relative h-element\" data-colibri-id=\"23-c8\">\u00a0<\/div>\n<div>\u00a0<\/div>\n<div class=\"h-x-container style-656 style-local-23-c8 position-relative h-element\" data-colibri-id=\"23-c8\">\n<div class=\"h-x-container-inner style-dynamic-23-c8-group style-656-spacing style-local-23-c8-spacing\"><span class=\"h-link__outer style-657-outer style-local-23-c9-outer d-inline-flex h-element\"><a class=\"d-flex w-100 align-items-center h-link style-657 style-local-23-c9 position-relative\" href=\"https:\/\/kemendi.org\/wp-content\/uploads\/2024\/05\/Proyecto-instalacion-Elorri-1.pdf\" data-colibri-id=\"23-c9\">El proyecto<\/a><br \/><\/span><\/div>\n<\/div>\n<div>\u00a0<\/div>\n<div>\u00a0<\/div>\n<div class=\"h-x-container style-654 style-local-23-c10 position-relative h-element\" data-colibri-id=\"23-c10\">\n<div class=\"h-x-container-inner style-dynamic-23-c10-group style-654-spacing style-local-23-c10-spacing\"><span class=\"h-link__outer style-655-outer style-local-23-c11-outer d-inline-flex h-element\"><a class=\"d-flex w-100 align-items-center h-link style-655 style-local-23-c11 position-relative\" href=\"https:\/\/kemendi.org\/wp-content\/uploads\/2024\/05\/Pliego-Licitacion-simplificado.pdf\" data-colibri-id=\"23-c11\"> Pliego licitaci\u00f3n<\/a><br \/><\/span><\/div>\n<div>\u00a0<\/div>\n<\/div>","protected":false},"excerpt":{"rendered":"<p>El Lago-Mendigoiti El Ayuntamiento cede a Kemendi parte de una instalaci\u00f3n solar ya en funcionamiento situada en el colegio El Lago-Mendigoiti. Est\u00e1 compuesta por 192 placas de 530Wp. lo que da una potencia instalada de unos 100KWp. 20 KW quedan como autoconsumo para el colegio y el Civivox. 80 KW se ceden para autoconsumo a [&hellip;]<\/p>\n","protected":false},"author":1,"featured_media":0,"parent":21,"menu_order":0,"comment_status":"closed","ping_status":"closed","template":"page-templates\/full-width-page.php","meta":{"footnotes":""},"class_list":["post-23","page","type-page","status-publish","hentry"],"_links":{"self":[{"href":"https:\/\/kemendi.org\/index.php\/wp-json\/wp\/v2\/pages\/23","targetHints":{"allow":["GET"]}}],"collection":[{"href":"https:\/\/kemendi.org\/index.php\/wp-json\/wp\/v2\/pages"}],"about":[{"href":"https:\/\/kemendi.org\/index.php\/wp-json\/wp\/v2\/types\/page"}],"author":[{"embeddable":true,"href":"https:\/\/kemendi.org\/index.php\/wp-json\/wp\/v2\/users\/1"}],"replies":[{"embeddable":true,"href":"https:\/\/kemendi.org\/index.php\/wp-json\/wp\/v2\/comments?post=23"}],"version-history":[{"count":13,"href":"https:\/\/kemendi.org\/index.php\/wp-json\/wp\/v2\/pages\/23\/revisions"}],"predecessor-version":[{"id":1826,"href":"https:\/\/kemendi.org\/index.php\/wp-json\/wp\/v2\/pages\/23\/revisions\/1826"}],"up":[{"embeddable":true,"href":"https:\/\/kemendi.org\/index.php\/wp-json\/wp\/v2\/pages\/21"}],"wp:attachment":[{"href":"https:\/\/kemendi.org\/index.php\/wp-json\/wp\/v2\/media?parent=23"}],"curies":[{"name":"wp","href":"https:\/\/api.w.org\/{rel}","templated":true}]}}