{"id":235,"date":"2023-11-22T20:38:19","date_gmt":"2023-11-22T19:38:19","guid":{"rendered":"https:\/\/kemendi.org\/?page_id=235"},"modified":"2023-12-07T10:10:31","modified_gmt":"2023-12-07T09:10:31","slug":"baja-de-socios","status":"publish","type":"page","link":"https:\/\/kemendi.org\/index.php\/proyecto\/baja-de-socios\/","title":{"rendered":"Baja de socios\/as"},"content":{"rendered":"<div data-colibri-id=\"235-c1\" class=\"style-366 style-local-235-c1 position-relative\">\n  <!----><\/p>\n<div data-colibri-component=\"section\" data-colibri-id=\"235-c2\" id=\"initial-content\" class=\"h-section h-section-global-spacing d-flex align-items-lg-center align-items-md-center align-items-center style-367 style-local-235-c2 position-relative\">\n    <!----><br \/>\n    <!----><\/p>\n<div class=\"h-section-grid-container h-section-boxed-container\">\n      <!----><\/p>\n<div data-colibri-id=\"235-c3\" class=\"h-row-container gutters-row-lg-2 gutters-row-md-2 gutters-row-0 gutters-row-v-lg-2 gutters-row-v-md-2 gutters-row-v-2 style-368 style-local-235-c3 position-relative\">\n        <!----><\/p>\n<div class=\"h-row justify-content-lg-center justify-content-md-center justify-content-center align-items-lg-stretch align-items-md-stretch align-items-stretch gutters-col-lg-2 gutters-col-md-2 gutters-col-0 gutters-col-v-lg-2 gutters-col-v-md-2 gutters-col-v-2\">\n          <!----><\/p>\n<div class=\"h-column h-column-container d-flex h-col-lg-auto h-col-md-auto h-col-auto style-369-outer style-local-235-c4-outer\">\n<div data-colibri-id=\"235-c4\" class=\"d-flex h-flex-basis h-column__inner h-px-lg-2 h-px-md-2 h-px-2 v-inner-lg-2 v-inner-md-2 v-inner-2 style-369 style-local-235-c4 position-relative\">\n              <!----><br \/>\n              <!----><\/p>\n<div class=\"w-100 h-y-container h-column__content h-column__v-align flex-basis-100 align-self-lg-start align-self-md-start align-self-start\">\n                <!----><\/p>\n<div data-colibri-id=\"235-c5\" class=\"style-370 style-local-235-c5 position-relative h-element\">\n                  <!----><\/p>\n<div>\n\n\n<p>Se ha decidido en los estatutos de la asociaci\u00f3n que en caso de renuncia de un socio porque cambia de vivienda, fallece, etc. no se devuelven las cantidades pagadas por la instalaci\u00f3n.<\/p>\n\n\n\n<p>Su participaci\u00f3n en la instalaci\u00f3n quedar\u00e1 en la vivienda que va a vender, ceder, en los herederos\u2026<\/p>\n\n\n\n<p>De todas formas, para aclaraciones lo mejor es participar en la reuni\u00f3n que tendr\u00e1 lugar el d\u00eda 19 de diciembre en Civivox Mendillorri, o contactar con el correo <a href=\"mailto:socios@kemendi.org\">socios@kemendi.org<\/a>             <\/p>\n\n\n\n<p>Este es un resumen aproximado. Las cantidades, lo tiempos, son variables. Por el camino quedan temas por estudiar y decidir entre todos conforme se presenten.<\/p>\n\n\n\n<p><\/p>\n\n\n<\/div>\n<\/div>\n<\/div>\n<\/div>\n<\/div>\n<\/div>\n<\/div>\n<\/div>\n<\/div>\n<\/div>","protected":false},"excerpt":{"rendered":"<p>Se ha decidido en los estatutos de la asociaci\u00f3n que en caso de renuncia de un socio porque cambia de vivienda, fallece, etc. no se devuelven las cantidades pagadas por la instalaci\u00f3n. Su participaci\u00f3n en la instalaci\u00f3n quedar\u00e1 en la vivienda que va a vender, ceder, en los herederos\u2026 De todas formas, para aclaraciones lo [&hellip;]<\/p>\n","protected":false},"author":1,"featured_media":0,"parent":21,"menu_order":2,"comment_status":"closed","ping_status":"closed","template":"page-templates\/full-width-page.php","meta":{"footnotes":""},"class_list":["post-235","page","type-page","status-publish","hentry"],"_links":{"self":[{"href":"https:\/\/kemendi.org\/index.php\/wp-json\/wp\/v2\/pages\/235","targetHints":{"allow":["GET"]}}],"collection":[{"href":"https:\/\/kemendi.org\/index.php\/wp-json\/wp\/v2\/pages"}],"about":[{"href":"https:\/\/kemendi.org\/index.php\/wp-json\/wp\/v2\/types\/page"}],"author":[{"embeddable":true,"href":"https:\/\/kemendi.org\/index.php\/wp-json\/wp\/v2\/users\/1"}],"replies":[{"embeddable":true,"href":"https:\/\/kemendi.org\/index.php\/wp-json\/wp\/v2\/comments?post=235"}],"version-history":[{"count":6,"href":"https:\/\/kemendi.org\/index.php\/wp-json\/wp\/v2\/pages\/235\/revisions"}],"predecessor-version":[{"id":1201,"href":"https:\/\/kemendi.org\/index.php\/wp-json\/wp\/v2\/pages\/235\/revisions\/1201"}],"up":[{"embeddable":true,"href":"https:\/\/kemendi.org\/index.php\/wp-json\/wp\/v2\/pages\/21"}],"wp:attachment":[{"href":"https:\/\/kemendi.org\/index.php\/wp-json\/wp\/v2\/media?parent=235"}],"curies":[{"name":"wp","href":"https:\/\/api.w.org\/{rel}","templated":true}]}}