{"id":25,"date":"2023-11-16T17:33:27","date_gmt":"2023-11-16T16:33:27","guid":{"rendered":"https:\/\/kemendi.org\/?page_id=25"},"modified":"2023-12-27T21:23:01","modified_gmt":"2023-12-27T20:23:01","slug":"objetivos","status":"publish","type":"page","link":"https:\/\/kemendi.org\/index.php\/proyecto\/objetivos\/","title":{"rendered":"Alta de socios\/as"},"content":{"rendered":"<div data-colibri-id=\"25-c1\" class=\"style-361 style-local-25-c1 position-relative\">\n  <!---->\n  <div data-colibri-component=\"section\" data-colibri-id=\"25-c2\" id=\"initial-content\" class=\"h-section h-section-global-spacing d-flex align-items-lg-center align-items-md-center align-items-center style-362 style-local-25-c2 position-relative\">\n    <!---->\n    <!---->\n    <div class=\"h-section-grid-container h-section-boxed-container\">\n      <!---->\n      <div data-colibri-id=\"25-c3\" class=\"h-row-container gutters-row-lg-2 gutters-row-md-2 gutters-row-0 gutters-row-v-lg-2 gutters-row-v-md-2 gutters-row-v-2 style-363 style-local-25-c3 position-relative\">\n        <!---->\n        <div class=\"h-row justify-content-lg-center justify-content-md-center justify-content-center align-items-lg-stretch align-items-md-stretch align-items-stretch gutters-col-lg-2 gutters-col-md-2 gutters-col-0 gutters-col-v-lg-2 gutters-col-v-md-2 gutters-col-v-2\">\n          <!---->\n          <div class=\"h-column h-column-container d-flex h-col-lg-auto h-col-md-auto h-col-auto style-364-outer style-local-25-c4-outer\">\n            <div data-colibri-id=\"25-c4\" class=\"d-flex h-flex-basis h-column__inner h-px-lg-2 h-px-md-2 h-px-2 v-inner-lg-2 v-inner-md-2 v-inner-2 style-364 style-local-25-c4 position-relative\">\n              <!---->\n              <!---->\n              <div class=\"w-100 h-y-container h-column__content h-column__v-align flex-basis-100 align-self-lg-center align-self-md-center align-self-center\">\n                <!---->\n                <div data-colibri-id=\"25-c5\" class=\"style-365 style-local-25-c5 position-relative h-element\">\n                  <!---->\n                  <div>\n                    \n                    <p>La cuota de inscripci\u00f3n como socio es de 30 euros.<\/p>\n                    \n\n                    \n                    <p>La cuota anual para gastos de funcionamiento de la comunidad energ\u00e9tica, al margen de los gastos correspondientes a las instalaciones fotovoltaicas, es de 20 euros.<\/p>\n                    \n\n                    \n                    <p>En caso de que la <strong>asociaci\u00f3n Kemendi*<\/strong> confirme la posibilidad de que un socio participe en el autoconsumo colectivo, se abonar\u00e1 una cuota inicial, para anticipar el pago del coste de la instalaci\u00f3n.<\/p>\n                    \n\n                    \n                    <p>La cuota inicial para participar en el autoconsumo colectivo acordada en la asamblea celebrada el d\u00eda 29 de junio de 2023, fue de 400 \u20ac por kWp. Teniendo en cuenta que en ese&nbsp; momento desconoc\u00edamos cuantos de los 116 socios\/as\n                      existentes en ese momento se apuntar\u00edan al autoconsumo, repartimos los 80kW disponibles de la primera instalaci\u00f3n entre todos ellos y de esta forma ten\u00edamos que a cada socios\/a&nbsp; le correspond\u00eda 0,68 kWp y que por lo tanto deber\u00eda\n                      abonar una couta inicial de 272\u20ac.&nbsp;Igualmente se decidi\u00f3 que dicha cuota inicial se abonara en dos plazos:&nbsp;150 el primer a\u00f1o al darse de alta en el autoconsumo y 122 euros en un momento por definir el segundo a\u00f1o. Estos\n                      dos plazos ser\u00edan anteriores a otros de menor cuant\u00eda, dependiendo del modelo final de financiaci\u00f3n que se decida.<\/p>\n                    \n\n                    \n                    <p>Para terminar de pagar la instalaci\u00f3n est\u00e1 por ver s\u00ed se acude a financiaci\u00f3n externa, o dado el valor de las cantidades restantes de abonar se termina con otra derrama final. Lo decidir\u00e1n los socios en asamblea. Por ello son provisionales\n                      los c\u00e1lculos que se hacen.<\/p>\n                    \n\n                    \n                    <p>Una vez pagada la instalaci\u00f3n habr\u00e1 que abonar una cuota anual&nbsp; para el pago de seguros de responsabilidad, seguro de instalaci\u00f3n, asesor\u00eda y mantenimiento t\u00e9cnico de las instalaciones.<\/p>\n                    \n                  <\/div>\n                <\/div>\n              <\/div>\n            <\/div>\n          <\/div>\n        <\/div>\n      <\/div>\n    <\/div>\n  <\/div>\n  <div data-colibri-component=\"section\" data-colibri-id=\"25-c6\" id=\"reusable-sections-2\" class=\"h-section h-section-global-spacing d-flex align-items-lg-center align-items-md-center align-items-center style-614 style-local-25-c6 position-relative\">\n    <!---->\n    <!---->\n    <div class=\"h-section-grid-container h-section-boxed-container\">\n      <!---->\n      <div data-colibri-id=\"25-c7\" class=\"h-row-container gutters-row-lg-2 gutters-row-md-0 gutters-row-2 gutters-row-v-lg-2 gutters-row-v-md-0 gutters-row-v-2 style-615 style-local-25-c7 position-relative\">\n        <!---->\n        <div class=\"h-row justify-content-lg-center justify-content-md-center justify-content-center align-items-lg-stretch align-items-md-stretch align-items-stretch gutters-col-lg-2 gutters-col-md-0 gutters-col-2 gutters-col-v-lg-2 gutters-col-v-md-0 gutters-col-v-2\">\n          <!---->\n          <div class=\"h-column h-column-container d-flex h-col-lg-4 h-col-md-4 h-col-12 style-616-outer style-local-25-c8-outer\">\n            <div data-colibri-id=\"25-c8\" class=\"d-flex h-flex-basis h-column__inner h-px-lg-2 h-px-md-3 h-px-2 v-inner-lg-0 v-inner-md-3 v-inner-2 style-616 style-local-25-c8 position-relative\">\n              <!---->\n              <!---->\n              <div class=\"w-100 h-y-container h-column__content h-column__v-align flex-basis-100 align-self-lg-start align-self-md-start align-self-start\">\n                <!---->\n                <div data-colibri-id=\"25-c9\" class=\"h-icon style-617 style-local-25-c9 position-relative h-element\">\n                  <!----><span class=\"h-svg-icon h-icon__icon style-617-icon style-local-25-c9-icon\"><!--Icon by Font Awesome (https:\/\/fontawesome.com)-->\n    <svg version=\"1.1\" xmlns=\"http:\/\/www.w3.org\/2000\/svg\" xmlns:xlink=\"http:\/\/www.w3.org\/1999\/xlink\" id=\"user\" viewBox=\"0 0 1354.8114 1896.0833\">\n      <path d=\"M1280 1399q0 109-62.5 187t-150.5 78H213q-88 0-150.5-78T0 1399q0-85 8.5-160.5t31.5-152 58.5-131 94-89T327 832q131 128 313 128t313-128q76 0 134.5 34.5t94 89 58.5 131 31.5 152 8.5 160.5zm-256-887q0 159-112.5 271.5T640 896 368.5 783.5 256 512t112.5-271.5T640 128t271.5 112.5T1024 512z\"><\/path>\n    <\/svg><\/span><\/div>\n                <div data-colibri-id=\"25-c10\" class=\"h-global-transition-all h-heading style-618 style-local-25-c10 position-relative h-element\">\n                  <!---->\n                  <div class=\"h-heading__outer style-618 style-local-25-c10\">\n                    <!---->\n                    <!---->\n                    <h5 class=\"\">Hazte Socio<\/h5>\n                  <\/div>\n                <\/div>\n                <div data-colibri-id=\"25-c11\" class=\"h-text h-text-component style-619 style-local-25-c11 position-relative h-element\">\n                  <!---->\n                  <!---->\n                  <div class=\"\">\n                    <p>Hazte socio\n                      <br> -Rellena el impreso de solicitud( descargas). Completa todos los espacios y f\u00edrmalo\n                      <br> -Ingresa en la cuenta de Kemendi CI 30 euros y CA 20 euros. Concepto CI y tu nombre, CA y tu nombre.\n                      <br> (Laboral Kutxa, Caja laboral ES20 3035 0218 10 2180025839)\n                      <br>\n                      <br> &#8211; Env\u00eda el impreso, los justificantes y la fotocopia del DNI a<\/p>\n                  <\/div>\n                <\/div>\n                <div data-colibri-id=\"25-c12\" class=\"h-x-container style-620 style-local-25-c12 position-relative h-element\">\n                  <!---->\n                  <div class=\"h-x-container-inner style-dynamic-25-c12-group style-620-spacing style-local-25-c12-spacing\"><span class=\"h-link__outer style-621-outer style-local-25-c13-outer d-inline-flex h-element\"><a h-use-smooth-scroll=\"true\" href=\"mailto:socios@kemendi.org\"  data-colibri-id=\"25-c13\" class=\"d-flex w-100 align-items-center h-link style-621 style-local-25-c13 position-relative\"><!----><!----> <span>socios@kemendi.org<\/span><\/a>\n                    <\/span>\n                  <\/div>\n                <\/div>\n              <\/div>\n            <\/div>\n          <\/div>\n          <div class=\"h-column h-column-container d-flex h-col-lg-4 h-col-md-4 h-col-12 style-616-outer style-local-25-c14-outer\">\n            <div data-colibri-id=\"25-c14\" class=\"d-flex h-flex-basis h-column__inner h-px-lg-2 h-px-md-3 h-px-2 v-inner-lg-0 v-inner-md-3 v-inner-2 style-616 style-local-25-c14 position-relative\">\n              <!---->\n              <!---->\n              <div class=\"w-100 h-y-container h-column__content h-column__v-align flex-basis-100 align-self-lg-start align-self-md-start align-self-start\">\n                <!---->\n                <div data-colibri-id=\"25-c15\" class=\"h-icon style-617 style-local-25-c15 position-relative h-element\">\n                  <!----><span class=\"h-svg-icon h-icon__icon style-617-icon style-local-25-c15-icon\"><!--Icon by Icons8 Line Awesome (https:\/\/icons8.com\/line-awesome)--><svg version=\"1.1\" xmlns=\"http:\/\/www.w3.org\/2000\/svg\" xmlns:xlink=\"http:\/\/www.w3.org\/1999\/xlink\" id=\"gears\" viewBox=\"0 0 512 545.5\"><path d=\"M344 72h32v22.5c13.256 2.334 25.375 7.58 36 15l15-15 22.5 22.5-15 15c7.42 10.625 12.666 22.744 15 36H472v32h-22.5c-2.357 13.388-7.46 25.802-15 36.5L450 253l-23.5 22-15-16c-10.494 7.212-22.48 12.208-35.5 14.5V296h-32v-22.5c-13.256-2.334-25.375-7.58-36-15l-16.5 17-23-23 17-16.5c-7.42-10.625-12.666-22.744-15-36H248v-32h22.5c2.292-13.02 7.288-25.006 14.5-35.5l-16-15L291 94l16.5 15.5c10.698-7.54 23.112-12.643 36.5-15V72zm16 53c-32.885 0-59 26.115-59 59s26.115 59 59 59 59-26.115 59-59-26.115-59-59-59zm-207.5 94.5l11.5 29c8.477-2.118 17.388-3.5 26.5-3.5 9.13 0 18.015 1.362 26.5 3.5l11.5-29 29.5 12-11.5 29c15.108 9.133 27.874 21.944 37 37l29-11.5 12 29.5-29 11.5c2.118 8.458 3.5 17.388 3.5 26.5s-1.382 18.023-3.5 26.5l29 11.5-12 29.5-29-11.5c-9.107 15.23-21.88 28.264-37 37.5l11.5 28.5-29.5 12L217 459c-8.458 2.138-17.388 3.5-26.5 3.5-9.166 0-17.972-1.345-26.5-3.5l-11.5 28.5-29.5-12 11.5-28.5c-15.37-9.23-28.246-22.145-37.5-37.5L68.5 421l-12-29.5L85 380c-2.138-8.477-3.5-17.388-3.5-26.5s1.362-18.042 3.5-26.5l-28.5-11.5 12-29.5L97 297.5c9.236-15.12 22.27-27.893 37.5-37l-11.5-29zm38 57.5c-42.605 0-77 33.895-77 76.5s34.395 77 77 77 76.5-34.395 76.5-77-33.895-76.5-76.5-76.5z\"><\/path><\/svg><\/span><\/div>\n                <div\n                  data-colibri-id=\"25-c16\" class=\"h-global-transition-all h-heading style-618 style-local-25-c16 position-relative h-element\">\n                  <!---->\n                  <div class=\"h-heading__outer style-618 style-local-25-c16\">\n                    <!---->\n                    <!---->\n                    <h5 class=\"\">Grupos de trabajo<\/h5>\n                  <\/div>\n              <\/div>\n              <div data-colibri-id=\"25-c17\" class=\"h-text h-text-component style-619 style-local-25-c17 position-relative h-element\">\n                <!---->\n                <!---->\n                <div class=\"\">\n                  <p>Si tienes ideas que aportar y ganas de trabajar ponte en contacto con nosotros en&nbsp;<\/p>\n                <\/div>\n              <\/div>\n              <div data-colibri-id=\"25-c18\" class=\"h-x-container style-622 style-local-25-c18 position-relative h-element\">\n                <!---->\n                <div class=\"h-x-container-inner style-dynamic-25-c18-group style-622-spacing style-local-25-c18-spacing\"><span class=\"h-link__outer style-623-outer style-local-25-c19-outer d-inline-flex h-element\"><a h-use-smooth-scroll=\"true\" href=\"mailto:info@kemendi.org\"  data-colibri-id=\"25-c19\" class=\"d-flex w-100 align-items-center h-link style-623 style-local-25-c19 position-relative\"><!----><!----> <span>info@kemendi.org<\/span><\/a>\n                  <\/span>\n                <\/div>\n              <\/div>\n            <\/div>\n          <\/div>\n        <\/div>\n      <\/div>\n    <\/div>\n  <\/div>\n<\/div>\n<\/div>","protected":false},"excerpt":{"rendered":"<p>La cuota de inscripci\u00f3n como socio es de 30 euros. La cuota anual para gastos de funcionamiento de la comunidad energ\u00e9tica, al margen de los gastos correspondientes a las instalaciones fotovoltaicas, es de 20 euros. En caso de que la asociaci\u00f3n Kemendi* confirme la posibilidad de que un socio participe en el autoconsumo colectivo, se [&hellip;]<\/p>\n","protected":false},"author":1,"featured_media":0,"parent":21,"menu_order":1,"comment_status":"closed","ping_status":"closed","template":"page-templates\/full-width-page.php","meta":{"footnotes":""},"class_list":["post-25","page","type-page","status-publish","hentry"],"_links":{"self":[{"href":"https:\/\/kemendi.org\/index.php\/wp-json\/wp\/v2\/pages\/25","targetHints":{"allow":["GET"]}}],"collection":[{"href":"https:\/\/kemendi.org\/index.php\/wp-json\/wp\/v2\/pages"}],"about":[{"href":"https:\/\/kemendi.org\/index.php\/wp-json\/wp\/v2\/types\/page"}],"author":[{"embeddable":true,"href":"https:\/\/kemendi.org\/index.php\/wp-json\/wp\/v2\/users\/1"}],"replies":[{"embeddable":true,"href":"https:\/\/kemendi.org\/index.php\/wp-json\/wp\/v2\/comments?post=25"}],"version-history":[{"count":9,"href":"https:\/\/kemendi.org\/index.php\/wp-json\/wp\/v2\/pages\/25\/revisions"}],"predecessor-version":[{"id":1464,"href":"https:\/\/kemendi.org\/index.php\/wp-json\/wp\/v2\/pages\/25\/revisions\/1464"}],"up":[{"embeddable":true,"href":"https:\/\/kemendi.org\/index.php\/wp-json\/wp\/v2\/pages\/21"}],"wp:attachment":[{"href":"https:\/\/kemendi.org\/index.php\/wp-json\/wp\/v2\/media?parent=25"}],"curies":[{"name":"wp","href":"https:\/\/api.w.org\/{rel}","templated":true}]}}